{"id":102,"date":"2013-08-25T11:23:46","date_gmt":"2013-08-25T09:23:46","guid":{"rendered":"http:\/\/www.dirigent.at\/?page_id=102"},"modified":"2023-08-01T09:32:30","modified_gmt":"2023-08-01T07:32:30","slug":"deutsch","status":"publish","type":"page","link":"https:\/\/www.dirigent.at\/?page_id=102","title":{"rendered":"deutsch CV"},"content":{"rendered":"<p><strong>G\u00fcnter Neuhold<\/strong><\/p>\n<p>wurde 1947 in Graz, \u00d6sterreich, geboren. 1969 beendete er sein Dirigierstudium am der dortigen Hochschule f\u00fcr Musik. Es folgten zwei Perfektionsjahre bei Franco Ferrara in Rom und bei Prof. Hans Swarowsky in Wien. Von 1972 bis 1980 f\u00fchrten ihn Engagements an verschiedene B\u00fchnen der Bundesrepublik Deutschland, zuletzt nach Hannover und Dortmund, wo er als erster Kapellmeister t\u00e4tig war.<br \/>\nNachdem er aus verschiedenen internationalen Dirigentenwettbewerben als Preistr\u00e4ger hervorging (u. a. Florenz 1. Preis 1972; San Remo &#8211; Marinuzzi, 1. Preis 1976; Wien &#8211; Swarowsky 2. Preis 1977; Salzburg &#8211; B\u00f6hm 1. Preis 1977; Mailand &#8211; Cantelli 3. Preis 1977, begann er eine internationale Opern- und Konzertkarriere.<\/p>\n<p>In den Jahren 1981 bis 1986 war er Musikdirektor am Teatro Regio in Parma \u00a0(Schwerpunkt Opern von Verdi) und Chefdirigent des Orchestra Sinfonica \u201eArturo Toscanini\u201c. Von 1986 bis 1990 war er Chefdirigent und Musikdirektor des Koninklijk Filharmonisch Orkest van Vlaanderen in Antwerpen, das unter seiner Leitung zu einem international gesch\u00e4tzten Ensemble wurde und mit dem er zahlreiche Tourneen nach Deutschland, \u00d6sterreich, Italien, Gro\u00dfbritannien und Frankreich unternahm. G\u00fcnter Neuhold war von 1989 bis 1995 GMD am Badischen Staatstheater Karlsruhe. Dort dirigierte er u.a. einen Richard-Strauss-Zyklus und den \u201eRing des Nibelungen\u201c. Von 1995\/96 bis 2002 war er Generalmusikdirektor und Operndirektor am Theater der Freien Hansestadt Bremen.\u00a0<span style=\"line-height: 1.714285714; font-size: 1rem;\">Von 2008 bis 2014 war er Chefdirigent und k\u00fcnstlerischer Direktor des Orquesta Sinfonica de Bilbao. 2022-23 \u00a0K\u00fcnstlerischer Leiter und Chefdirigent des Cyprus Symphony Orchestra.<\/span><\/p>\n<p>Neben seinen festen Engagements dirigierte er folgende Orchester: Wiener Philharmoniker, Wiener Symphoniker, Staatskapelle Dresden, Philharmonia Orch., Orchestre National de France, WDR K\u00f6ln, mdr Leipzig, NDR Hamburg und Hannover, HR Frankfurt, SWF Baden Baden, SDR Stuttgart, RSO Berlin, G\u00fcrzenich-K\u00f6ln, Halle, Bamberg, Weimar, Dessau, Braunschweig, Bochum, Duisburg, L\u00fcbeck, Kiel, Kassel, N\u00fcrnberg, Ludwigshafen,\u00a0Bratislava, Nat.Ph.Budapest, Radio Prag, Warschau, ORF Wien, Mozarteumorch. Salzburg, Bruckner-Orch. Linz, RAI, Orch. Sinf. Naz. Torino, RTVE Madrid, Maggio Musicale Fiorentino, Orch. Teatro Mass. Palermo, Orch. Sinf. Siciliana, Catania, Orch. La Fenice Venezia, Bologna, Verona, Bolzano, Genova, Cagliari, Lugano, St.Gallen, BBC-Cardiff, Capitole Toulouse, Bordeaux Aquitaine, Lille, Marseille, Orch. Philh. Monte Carlo, Real Orqu. Sinf. de Sevilla, Orqu. Liceu Barcelona, Orqu. Sinf. de Madrid, Bilbao, San Sebastian, Valencia, Gran Canaria, Malaga, Granada, Oviedo, A Coruna, Tenerife, Sao Carlos Lissabon, Gulbenkian,\u00a0Porto, Radio TV Ljubliana, Zagreb, Beograd, Odessa, Odense, Aalborg, Malm\u00f6,\u00a0Turku S.O., Singapore\u00a0Symphony, Qatar, Malaysian, Shanghai, Philh., Tianjin,\u00a0Hangzhou,\u00a0Tokyo Phil, Metropolitan, Yomiuri, Orch.. Kyoto, Gunma, Incheon, Masan, Changwon,\u00a0Busan, Orchestra,Vancouver,\u00a0Calgary, Ontario Phil, Orqu. Sinf\u00f3nica Nacional de Argentina,\u00a0Filh. Buenos Aires, Teatro Colon, C\u00f3rdoba, Orqu. Sinf. de S\u00e3o Paulo OSESP, Orqu. Sinf. Brasileira, Petrobras, \u00a0OFUNAM Mexico-City, Orquesta Sinf\u00f3nica \u00a0Nacional Mexico, \u00a0Guanajuato, Guadalajara, Radio-TV-Moskau, ABC Australia Melbourne, Auckland Philharmonia.<\/p>\n<p>Operndirigate an der Wiener Staatsoper, Scala Milano, Opernhaus Z\u00fcrich, Staatsoper Dresden, Nationaltheater M\u00fcnchen, Berliner Staatsoper, Deutsche Oper Berlin, Komische Oper Berlin, Oper Leipzig, Staatsoper Budapest, Teatro Real Madrid, ABAO Bilbao, Op\u00e9ra Monte Carlo, \u00a0Opera National de Paris, Chatelet, \u00a0Grand Th\u00e9atre de Gen\u00e9ve, Bordeaux, Capitole Toulouse, Marseille, Opera Nat. du Rhin Strasbourg, Vlaamse Opera Antwerpen-Gent, Den Norske Opera Oslo, G\u00f6teborgs Operan, \u00a0Sao Carlos Lisboa, Opera Roma, Teatro Com. Bologna, Genova, La Fenice Venezia, Teatro Massimo Palermo, Catania, Philadelphia Opera, Teatro Colon Buenos Aires, NNT-Tokyo, Tourneen in USA, Russland und Japan.<\/p>\n<p>Festivals: Salzburger Festspiele 78, 80, 83, 86, 11-1985 Vaticano- Beethoven Missa Solemnis -Eurovision, Festival de Radio France-Montpellier, Vlaanderen Festival, Biennale Venezia, Bruckner-Fest St. Florian, Musikfestspiele Dresden, Enescu Festival Bukarest 98, Colorado Music-Festival 99, Granada 2000, Santander 2007, Mozart-La Coruna 2008, Musika-M\u00fasica Bilbao, Busan MARU.<\/p>\n<p>Masterclasses, \u00a0Jury &#8211; Pr\u00e4sident &#8211; Mitglied \u00a0bei vielen Wettbewerben<\/p>\n<p><span style=\"line-height: 1.714285714; font-size: 1rem;\">1999: Grosses Silbernes Ehrenzeichen f\u00fcr Verdienste um die Republik \u00d6sterreich<\/span><\/p>\n<p>In seiner Diskographie finden sich unter anderem:<\/p>\n<p><span style=\"line-height: 1.714285714; font-size: 1rem;\">Bach-Matth\u00e4uspassion, Bart\u00f3k-Herzog Blaubarts Burg, Concerto per orchestra,\u00a0<\/span><span style=\"line-height: 1.714285714; font-size: 1rem;\">Berg-3 Orchesterst\u00fccke op. 6, Berlioz-La Damnation de Faust, Brahms-Sinfonie 1, Bruckner-Sinfonie 4, Franck-Sinfonie d-moll, Kod\u00e1ly-H\u00e1ry J\u00e1nos-Suite, T\u00e4nze aus Galanta, Liszt-<\/span>Schreker-2. Ungarische Rhapsodie, Liebermann-Concerto for Jazzband etc, Mahler-Sinfonie 1, 2, 3, 5, Marschner-Der Vampyr, Puccini-Madama Butterfly (1904), Rihm-Portraitkonzert, Schnittke-Klavierkonzert, Sch\u00f6nberg-Gurre-Lieder, Schreker-Kammersinfonie, Schulhoff-Klavierkonzert, Strau\u00df &#8211; Dynastie, Strawinsky-Le sacre du Printemps, \u00a0Tschaikowsky-Sinfonie 5, Verdi-Messa da Requiem, Wagner-Der Ring des Nibelungen, Wolf-Ferrari-La Vita Nuova.<\/p>\n","protected":false},"excerpt":{"rendered":"<p>G\u00fcnter Neuhold wurde 1947 in Graz, \u00d6sterreich, geboren. 1969 beendete er sein Dirigierstudium am der dortigen Hochschule f\u00fcr Musik. Es folgten zwei Perfektionsjahre bei Franco Ferrara in Rom und bei Prof. Hans Swarowsky in Wien. Von 1972 bis 1980 f\u00fchrten ihn Engagements an verschiedene B\u00fchnen der Bundesrepublik Deutschland, zuletzt nach Hannover und Dortmund, wo er [&hellip;]<\/p>\n","protected":false},"author":1,"featured_media":0,"parent":5,"menu_order":11,"comment_status":"closed","ping_status":"closed","template":"","meta":{"footnotes":""},"class_list":["post-102","page","type-page","status-publish","hentry"],"_links":{"self":[{"href":"https:\/\/www.dirigent.at\/index.php?rest_route=\/wp\/v2\/pages\/102","targetHints":{"allow":["GET"]}}],"collection":[{"href":"https:\/\/www.dirigent.at\/index.php?rest_route=\/wp\/v2\/pages"}],"about":[{"href":"https:\/\/www.dirigent.at\/index.php?rest_route=\/wp\/v2\/types\/page"}],"author":[{"embeddable":true,"href":"https:\/\/www.dirigent.at\/index.php?rest_route=\/wp\/v2\/users\/1"}],"replies":[{"embeddable":true,"href":"https:\/\/www.dirigent.at\/index.php?rest_route=%2Fwp%2Fv2%2Fcomments&post=102"}],"version-history":[{"count":75,"href":"https:\/\/www.dirigent.at\/index.php?rest_route=\/wp\/v2\/pages\/102\/revisions"}],"predecessor-version":[{"id":2102,"href":"https:\/\/www.dirigent.at\/index.php?rest_route=\/wp\/v2\/pages\/102\/revisions\/2102"}],"up":[{"embeddable":true,"href":"https:\/\/www.dirigent.at\/index.php?rest_route=\/wp\/v2\/pages\/5"}],"wp:attachment":[{"href":"https:\/\/www.dirigent.at\/index.php?rest_route=%2Fwp%2Fv2%2Fmedia&parent=102"}],"curies":[{"name":"wp","href":"https:\/\/api.w.org\/{rel}","templated":true}]}}