{"id":1066,"date":"2019-05-23T19:28:21","date_gmt":"2019-05-23T17:28:21","guid":{"rendered":"http:\/\/www.dirigent.at\/?page_id=1066"},"modified":"2020-04-21T13:01:42","modified_gmt":"2020-04-21T11:01:42","slug":"world-first-performances-selection","status":"publish","type":"page","link":"https:\/\/www.dirigent.at\/?page_id=1066","title":{"rendered":"World First Performances  (selection)"},"content":{"rendered":"\n<p><strong>Concert<\/strong><\/p>\n\n\n\n<p>Akira Nishimura &#8211; Mutazioni, Milano Teatro alla Scala 1979<\/p>\n\n\n\n<p>Alessandro Sbordoni &#8211; Riflessi d\u00b4ombra , RAI-Roma 1987&nbsp;<\/p>\n\n\n\n<p>Alexander M\u00fcllenbach &#8211; Stimmen der Nacht, Salzburger Festspiele 1986<\/p>\n\n\n\n<p>Armando Gentilucci &#8211; Voci dal silencio, Parma 1981<\/p>\n\n\n\n<p>Armando Gentilucci &#8211;  Il chiarore dell\u00b4Utopia, Parma 1985<\/p>\n\n\n\n<p>Fabio Vacchi  &#8211;  Notturno concertante per chitarra e orchestra, RAI-Torino 1997&nbsp;<\/p>\n\n\n\n<p>Gabriel Erkoreka  &#8211;&nbsp; Tres Sonetos de Michelangelo, Carlos Mena, BOS-Bilbao 2009&nbsp; <\/p>\n\n\n\n<p>Giacomo Manzoni &#8211; Dedica, Parma 1986<\/p>\n\n\n\n<p>Hans Georg Pfl\u00fcger &#8211; Piano Concerto &#8211; Gerhard Oppitz, 1983 Karlsruhe<\/p>\n\n\n\n<p>Herbert Stuppner &#8211; Palinodie, Haydn-Bolzano 1980<\/p>\n\n\n\n<p>Luis Mucillo &#8211; Corpus Christi, Teatro Colon Buenos Aires 2010&nbsp;<\/p>\n\n\n\n<p>Luc Brewaeys &#8211; Komm&nbsp;! Hebe dich&#8230; (Symphony n\u00b0 2), Antwerpen 1988&nbsp;<\/p>\n\n\n\n<p>Nino Rota &#8211; Concerto in Do per pianoforte e orchestra &#8211; Aldo Ciccolini, RAI-Roma 1988 &nbsp;<\/p>\n\n\n\n<p>Otfried B\u00fcsing &#8211; Festival f\u00fcr Sopran und 17 Instrumente, Karlsruhe&nbsp;<\/p>\n\n\n\n<p>Paolo Castaldi &#8211; Simile A, RAI Milano 1979<\/p>\n\n\n\n<p>Richard Strauss &#8211; Romanze f\u00fcr Violoncello und Orchester in F (op. 13) &#8211; Jan Vogler, Staatskapelle Dresden, Semperoper 1986&nbsp;<\/p>\n\n\n\n<p>Wolfgang Rihm &#8211; Vers une symphonie fleuve II,  Karlsruhe 1995<\/p>\n\n\n\n<p>Wolfgang Rihm &#8211; Im Anfang, Bremen 2000<\/p>\n\n\n\n<p>Younghi Pagh-Paan &#8211; GO-UN NIM, Bremen 1998<\/p>\n\n\n\n<p><strong>Opera<\/strong><\/p>\n\n\n\n<p>Battistelli Giorgio &#8211; Die Erfindung der Langsamkeit, Bremen 1997<\/p>\n\n\n\n<p>Marcello Panni &#8211; The Banquet, Bremen 1998<\/p>\n\n\n\n<p>Ahmed Essyad &#8211; H\u00e9lo\u00efse et Ab\u00e9lard, Strasbourg 2000 &nbsp;<br><\/p>\n","protected":false},"excerpt":{"rendered":"<p>Concert Akira Nishimura &#8211; Mutazioni, Milano Teatro alla Scala 1979 Alessandro Sbordoni &#8211; Riflessi d\u00b4ombra , RAI-Roma 1987&nbsp; Alexander M\u00fcllenbach &#8211; Stimmen der Nacht, Salzburger Festspiele 1986 Armando Gentilucci &#8211; Voci dal silencio, Parma 1981 Armando Gentilucci &#8211; Il chiarore dell\u00b4Utopia, Parma 1985 Fabio Vacchi &#8211; Notturno concertante per chitarra e orchestra, RAI-Torino 1997&nbsp; Gabriel [&hellip;]<\/p>\n","protected":false},"author":1,"featured_media":0,"parent":442,"menu_order":97,"comment_status":"closed","ping_status":"closed","template":"","meta":{"footnotes":""},"class_list":["post-1066","page","type-page","status-publish","hentry"],"_links":{"self":[{"href":"https:\/\/www.dirigent.at\/index.php?rest_route=\/wp\/v2\/pages\/1066","targetHints":{"allow":["GET"]}}],"collection":[{"href":"https:\/\/www.dirigent.at\/index.php?rest_route=\/wp\/v2\/pages"}],"about":[{"href":"https:\/\/www.dirigent.at\/index.php?rest_route=\/wp\/v2\/types\/page"}],"author":[{"embeddable":true,"href":"https:\/\/www.dirigent.at\/index.php?rest_route=\/wp\/v2\/users\/1"}],"replies":[{"embeddable":true,"href":"https:\/\/www.dirigent.at\/index.php?rest_route=%2Fwp%2Fv2%2Fcomments&post=1066"}],"version-history":[{"count":4,"href":"https:\/\/www.dirigent.at\/index.php?rest_route=\/wp\/v2\/pages\/1066\/revisions"}],"predecessor-version":[{"id":1326,"href":"https:\/\/www.dirigent.at\/index.php?rest_route=\/wp\/v2\/pages\/1066\/revisions\/1326"}],"up":[{"embeddable":true,"href":"https:\/\/www.dirigent.at\/index.php?rest_route=\/wp\/v2\/pages\/442"}],"wp:attachment":[{"href":"https:\/\/www.dirigent.at\/index.php?rest_route=%2Fwp%2Fv2%2Fmedia&parent=1066"}],"curies":[{"name":"wp","href":"https:\/\/api.w.org\/{rel}","templated":true}]}}