{"id":107,"date":"2013-08-25T11:28:03","date_gmt":"2013-08-25T09:28:03","guid":{"rendered":"http:\/\/www.dirigent.at\/?page_id=107"},"modified":"2023-08-01T09:33:26","modified_gmt":"2023-08-01T07:33:26","slug":"english-cv","status":"publish","type":"page","link":"https:\/\/www.dirigent.at\/?page_id=107","title":{"rendered":"english CV"},"content":{"rendered":"<p><strong>G\u00fcnter Neuhold<\/strong><\/p>\n<p>G\u00fcnter Neuhold was born in Graz, Austria, in 1947. In 1969 he completed his studies at the Graz Conservatoire with a masters degree. He then followed advanced courses in Rome with Franco Ferrara and in Vienna with Prof. Hans Swarowsky. Between 1972 and 1980 he was engaged at various German opera houses, a period he closed as first Kapellmeister in Hannover and Dortmund.<\/p>\n<p>After winning several competitions (Florence 1st prize 1976; San Remo \u201eMarinuzzi\u201c 1st prize 1976; Vienna \u201eSwarowsky\u201c 2nd prize 1977; Salzburg \u201eB\u00f6hm\u201c 1st prize, 1977 Milan, \u201eCantelli\u201c 3rd prize 1977), he began an international career.<br \/>\nFrom 1981 to 1986 he was Music Director at the Teatro Regio di Parma, where he devoted most of his time to Verdi operas and Chief Conductor of the Orchestra Sinfonica \u201eArturo Toscanini\u201c. From 1986 to 1990 he was Chief Conductor and Musical Director of the Koninklijk Filharmonisch Orkest van Vlaanderen in Antwerp, which achieved an international reputation during this period and toured in Germany, Italy, Great Britain and France. G\u00fcnter Neuhold was General Music Director at the Badisches Staatstheater Karlsruhe from 1989 to 1995. In Karlsruhe he performed a Richard-Strauss-Zyklus and the \u201eRing des Nibelungen\u201c. From 1995 to 2002 he was General Music Director and Artistic Director at the Theater der Freien Hansestadt Bremen. From 2008 to 2014 he was Chief Conductor and Music Director of the Orquesta Sinfonica de Bilbao. 2022-23 Chief Conductor and Artistic Director of the Cyprus Symphony Orchestra.<\/p>\n<p>Beside his permanent engagements he conducted the following orchestras: Wiener Philharmoniker, Wiener Symphoniker, Staatskapelle Dresden, Philharmonia Orch., Orchestre National de France, WDR K\u00f6ln, mdr Leipzig, NDR Hamburg und Hannover, SWF Baden Baden, SDR Stuttgart, RSO Berlin, G\u00fcrzenich-K\u00f6ln, HNPO Budapest, ORF, RAI, Orch. Sinf. Naz. Torino, Maggio Musicale Fiorentino, Orch. Teatro Mass. Palermo, Orch. Sinf. Siciliana, La Fenice Venezia, BBC-Cardiff, Capitole Toulouse, Bordeaux Aquitaine, Orchestre Philharmonic de Nice, Orch. Philh. Monte Carlo, RTVE Madrid, Real Orqu. Sinf. de Sevilla, Liceu Barcelona, Orqu. Sinf. de Madrid, Bilbao, San Sebastian, Tenerife, Gran Canaria, Granada, Gulbenkian, Malm\u00f6 S.O., Singapore Symphony, Qatar, Malaysian, Shanghai, Tianjin,\u00a0Hangzhou, Incheon, Masan, Changwon, Busan, Tokyo Philharmonic, Metropolitan, Yomiuri, Orquesta Sinf\u00f3nica Nacional de Argentina, Filarmonica Teatro Col\u00f3n, C\u00f3rdoba, Orqu. Sinf. de S\u00e3o Paulo, Sinf.Brasileira RJ, Orqu. Sinf.Nacional, OFUNAM Mexico City, Guanajuato, Guadalajara, Radio-TV-Tchaikovksy Moskau, Canadian B.C. Vancouver, Ontario Phil, \u00a0ABC Australia Melbourne, Auckland Philharmonia.<br \/>\nHe has conducted operas at the Wiener Staatsoper, Scala Milano, Opernhaus Z\u00fcrich, Staatsoper Dresden, Nationaltheater M\u00fcnchen, Berliner Staatsoper, Deutsche Oper Berlin, Komische Oper Berlin, Oper Leipzig, State Opera Budapest, Teatro Real Madrid, Op\u00e9ra Monte Carlo, Chatelet, Opera National de Paris, Teatro Colon Bs.As., Grand Th\u00e9atre de Gen\u00e9ve, Bordeaux, Capitole Toulouse, Opera Nat. du Rhin Strasbourg, Den Norske Opera Oslo, G\u00f6teborgs Operan, Teatro Sao Carlos Lisboa, Opera Roma, Teatro Com. Bologna, La Fenice Venezia, Genova, Teatro Massimo Palermo, Catania, Philadelphia Opera, NNT Tokyo, Tours in USA, Japan and Russia.<\/p>\n<p>Festivals: Salzburger Festspiele 78, 80, 83, 86, 11-1985 Vaticano- Beethoven Missa Solemnis &#8211; Eurovision, Festival de Radio France-Montpellier, Vlaanderen Festival, Biennale Venice, Bruckner-Fest St. Florian, Enescu Festival Bucarest 98 Musikfestspiele and Intern.Strauss Festival Dresden,.Colorado Music-Festival 99. Granada Festival 2000, Festival de Santander,\u00a0Musika-M\u00fasica Bilbao, Busan MARU.<\/p>\n<p>Masterclasses, \u00a0Jury President -Member in many competitions<\/p>\n<p>His Discography contains:<br \/>\nBach-St. Matthew Passion, Bart\u00f3k-Bluebeard\u2019s Castle, Concerto for Orchestra, Berg-3 Pieces for Orchestra op. 6, Berlioz-La Damnation de Faust, Brahms-Symphony No.1, Bruckner-Symphony No.4, Franck-Symphony in D minor, Kod\u00e1ly-H\u00e1ry J\u00e1nos-Suite, Dances From Galanta, Liszt- Schreker-2. Hungarian Rhapsodie, Liebermann-Concerto for Jazzband etc, Mahler-Symphonies Nos. 1, 2, 3, 5, Marschner-Der Vampyr, Puccini-Madama Butterfly (1904), Rihm-Premiere recordings, Schnittke-Piano Concerto, Sch\u00f6nberg-Gurre-Lieder, Schreker-Kammersinfonie, Schulhoff-Piano Concerto, Jos.\/Joh. Strau\u00df-Various, Stravinsky-Rite of Spring, Tschaikowsky-Symphony No.5, Verdi-Requiem, Wagner-The Ring, Wolf-Ferrari-La Vita Nuova,<\/p>\n","protected":false},"excerpt":{"rendered":"<p>G\u00fcnter Neuhold G\u00fcnter Neuhold was born in Graz, Austria, in 1947. In 1969 he completed his studies at the Graz Conservatoire with a masters degree. He then followed advanced courses in Rome with Franco Ferrara and in Vienna with Prof. Hans Swarowsky. Between 1972 and 1980 he was engaged at various German opera houses, a [&hellip;]<\/p>\n","protected":false},"author":1,"featured_media":0,"parent":5,"menu_order":13,"comment_status":"closed","ping_status":"closed","template":"","meta":{"footnotes":""},"class_list":["post-107","page","type-page","status-publish","hentry"],"_links":{"self":[{"href":"https:\/\/www.dirigent.at\/index.php?rest_route=\/wp\/v2\/pages\/107","targetHints":{"allow":["GET"]}}],"collection":[{"href":"https:\/\/www.dirigent.at\/index.php?rest_route=\/wp\/v2\/pages"}],"about":[{"href":"https:\/\/www.dirigent.at\/index.php?rest_route=\/wp\/v2\/types\/page"}],"author":[{"embeddable":true,"href":"https:\/\/www.dirigent.at\/index.php?rest_route=\/wp\/v2\/users\/1"}],"replies":[{"embeddable":true,"href":"https:\/\/www.dirigent.at\/index.php?rest_route=%2Fwp%2Fv2%2Fcomments&post=107"}],"version-history":[{"count":42,"href":"https:\/\/www.dirigent.at\/index.php?rest_route=\/wp\/v2\/pages\/107\/revisions"}],"predecessor-version":[{"id":2015,"href":"https:\/\/www.dirigent.at\/index.php?rest_route=\/wp\/v2\/pages\/107\/revisions\/2015"}],"up":[{"embeddable":true,"href":"https:\/\/www.dirigent.at\/index.php?rest_route=\/wp\/v2\/pages\/5"}],"wp:attachment":[{"href":"https:\/\/www.dirigent.at\/index.php?rest_route=%2Fwp%2Fv2%2Fmedia&parent=107"}],"curies":[{"name":"wp","href":"https:\/\/api.w.org\/{rel}","templated":true}]}}