{"id":109,"date":"2013-08-25T11:29:52","date_gmt":"2013-08-25T09:29:52","guid":{"rendered":"http:\/\/www.dirigent.at\/?page_id=109"},"modified":"2023-08-01T09:35:28","modified_gmt":"2023-08-01T07:35:28","slug":"italiano-cv","status":"publish","type":"page","link":"https:\/\/www.dirigent.at\/?page_id=109","title":{"rendered":"italiano CV"},"content":{"rendered":"<p><strong>G\u00fcnter NEUHOLD<\/strong><\/p>\n<p>Nato a Graz nel 1947, ha studiato direzione d\u2019orchestra alla Hochschule della sua citt\u00e0 ed ha poi seguito due corsi di perfezionamento con Franco Ferrara a Roma e con Hans Swarowsky a Vienna. Dal 1972 al 1980 ha ricevuto numerose scritture nella Repubblica Federale Tedesca ed infine l\u2019incarico di primo Kapellmeister a Hannover e a Dortmund.<br \/>\nHa vinto numerosi concorsi di direzione d\u2019orchestra: a Firenze Primo Premio, 1972, San Remo \u201cMarinuzzi\u201d Primo Premio, 1976, Vienna \u201cSwarowsky\u201d Secondo Premio 1977, Salisburgo \u201cB\u00f6hm\u201d Primo Premio 1977, Milano \u201cCantelli\u201d Terzo Premio 1977; ci\u00f2 gli ha aperto una vasta carriera e l\u2019invito da parte dei Wiener Philarmoniker, dei Wiener Symphoniker, della Scala di Milano, delle Orchestre della RAI di Roma, Torino e Milano.<br \/>\nDal 1981 al 1986 \u00e8 stato Direttore Musicale presso l\u2019Orchestra Sinfonica Arturo Toscanini e al Teatro Regio di Parma. Dal 1986 al 1990 \u00e8 stato Primo Direttore e Direttore Artistico della Filarmonica Reale delle Fiandre ad Anversa, con la quale ha guidato varie tourn\u00e8es in Italia, Germania, Gran Bretagna, Francia (Festival di Radio France), al Concertgebouw di Amsterdam, al Musikverein di Vienna. Dal 1989 al 1995 \u00e8 stato Generalmusikdirektor al Badisches Staatstheater di Karlsuhe e dal 1995 al 2002 \u00e8 stato Generalmusikdirektor e Direttore Artistico del Teatro di Brema.\u00a0<span style=\"line-height: 1.714285714; font-size: 1rem;\">Dal 2008 al 2014 \u00e8 stato \u00a0Direttore Musicale \u00e8 Direttore Artistico al Orchestra Sinfonica di Bilbao. 2022-23 \u00a0Direttore Musicale e Artistico al Orchestra Symfonica di Cyprus.<\/span><br \/>\nFra le numerose orchestre dirette ricordiamo: Wiener Philharmoniker, Wiener Symphoniker, S\u00e4chsische Staatskapelle di Dresda, Philharmonia Orchestra, Orchestre National de France, le Orchestre Sinfoniche della Radio di Lipsia, Amburgo, Baden-Baden, Stoccarda e Berlino, G\u00fcrzenich Colonia, la Sinfonica di Bamberg, la Philh. Nazionale\u00a0Budapest, le Orchestre RAI Roma, Milano e Torino, l\u2019Orchestra Nazionale di Torino, l\u2019Orchestra del Maggio Musicale Fiorentino, del Teatro Massimo Palermo, del Teatro San Carlo Napoli, del Teatro Comunale di Bologna, della Fenice di Venezia del Teatro Lirico di Cagliari, l\u2019Orchestre National de France, l\u00b4Orchestre du Capitole de Toulouse, di Montpellier, di Bordeaux Aquitaine, di Nice, l\u00b4Orchestra Philharmonique de Monte-Carlo, l\u00b4Orchestra RTV Espagna, la Sinfonica di Madrid, di Siviglia, di Valencia, di Granada, della Galizia, di Gran Canaria, di Tenerife, di Bilbao e San Sebastian, del Liceu di Barcelona, l\u2019Orchestra Sinfonica Portoghese di Lisbona e l\u2019Orchestra a Gulbenkian, l\u2019Orchestre National de Belgique, e altre come la Singapore Symph., Tokyo Philh., Tokyo Symph., Metropolitan e Yomiuri, Incheon, Masan, Changwon, Busan, Qatar, Singapore, Malaysian, Shanghai, Tianjin,\u00a0Hangzhou\u00a0Philharmonic, l\u2019Orchestra della Radio- Caikovskij di Mosca, l\u2019ABC Australia Melbourne, Auckland Philharmonia Orchestra, la Canadian B.C. Vancouver, Calgary, Ontario Phil, \u00a0l\u2019 Orchestra Sinf. Nacional, OFUNAM &#8211; Mexico City, Guadalajara, Guanajuato e le Orchestre Sinfoniche di Sao Paulo e Rio de Janeiro, Simfonica Nacional e Filarmonica di Buenos Aires.<\/p>\n<p>Ha diretto nei pi\u00f9 importanti teatri d\u2019opera in Italia: la Scala di Milano, Opera di Roma, San Carlo di Napoli, il Teatro Massimo di Palermo e Catania, La Fenice di Venezia, Teatro Comunale di Bologna, Carlo Felice di Genova,Wiener Staatsoper, Berliner Staatsoper, Deutsche Oper, Staatsoper Dresden, Nationaltheater M\u00fcnchen, Oper Leipzig, Opernhaus Z\u00fcrich, Grand Th\u00e9\u00e2tre de Gen\u00e8ve, Opera Budapest, Teatro Real di Madrid, Op\u00e9ra de Monte-Carlo, Op\u00e9ra National de Paris, Ch\u00e2telet de Paris, Capitole de Toulouse, Op\u00e9ra National de Bordeaux, Op\u00e9ra National du Rhin Strasbourg, Op\u00e9ra de Marseille, Teatro Sao Carlos di Lisbona, ABAO Bilbao, Opernhaus Graz, Norske Opera Oslo, G\u00f6teborgs Opera, Teatro Colon di Buenos Aires, NNT Tokyo, Tours in USA, Russia e Giappone.<\/p>\n<p>Ha preso parte a prestigiosi festival: Salzburger Festspiele (1978-80-83-86), 11-1985 Vaticano- Beethoven Missa Solemnis -Eurovisione, Festival Radio France Montpellier, Festival di Granada, Flanders Festival, Bruckner-Fest St. Florian, Festival R. Strauss Dresden, Festival Enescu Bukarest, Festival di Santander, La Biennale di Venezia, Santander 2007, Mozart La Coruna 2008, Musika-M\u00fasica Bilbao, Busan MARU.<\/p>\n<p>Masterclasses, Presidente &#8211; Membro della giuria in molti concorsi<\/p>\n<p>Molto amplia la sua discografia di cui segnaliamo l\u2019incisione de Il Castello di Barbabl\u00f9 di Bart\u00f3k, La damnation de Faust di Berlioz, Der Vampyr di Marschner, Madama Butterfly vers.1904 di Puccini ( Orph\u00e9e d\u2019or nel 2003) &#8211; e la Tetralogia di Wagner; La Passione secondo Matteo di Bach, Gurre-Lieder di Sch\u00f6nberg, opere sinfoniche di Mahler (Sinfonie 1,2,3,5), Verdi (Requiem), Bart\u00f3k (Concerto per orchestra), Stravinskij (La sagra di Primavera), Brahms (Sinfonia 1), Bruckner (Sinfonia 4), J. Strau\u00df, Kod\u00e1ly, Wolf-Ferrari, Schreker, Schnittke, Schulhoff, Liebermann e Rihm.<br \/>\nNel 1999 e stato insignito della \u201cMedaglia d\u00b4 onore in argento al merito della Repubblica Austriaca\u201d.<\/p>\n","protected":false},"excerpt":{"rendered":"<p>G\u00fcnter NEUHOLD Nato a Graz nel 1947, ha studiato direzione d\u2019orchestra alla Hochschule della sua citt\u00e0 ed ha poi seguito due corsi di perfezionamento con Franco Ferrara a Roma e con Hans Swarowsky a Vienna. Dal 1972 al 1980 ha ricevuto numerose scritture nella Repubblica Federale Tedesca ed infine l\u2019incarico di primo Kapellmeister a Hannover [&hellip;]<\/p>\n","protected":false},"author":1,"featured_media":0,"parent":5,"menu_order":15,"comment_status":"closed","ping_status":"closed","template":"","meta":{"footnotes":""},"class_list":["post-109","page","type-page","status-publish","hentry"],"_links":{"self":[{"href":"https:\/\/www.dirigent.at\/index.php?rest_route=\/wp\/v2\/pages\/109","targetHints":{"allow":["GET"]}}],"collection":[{"href":"https:\/\/www.dirigent.at\/index.php?rest_route=\/wp\/v2\/pages"}],"about":[{"href":"https:\/\/www.dirigent.at\/index.php?rest_route=\/wp\/v2\/types\/page"}],"author":[{"embeddable":true,"href":"https:\/\/www.dirigent.at\/index.php?rest_route=\/wp\/v2\/users\/1"}],"replies":[{"embeddable":true,"href":"https:\/\/www.dirigent.at\/index.php?rest_route=%2Fwp%2Fv2%2Fcomments&post=109"}],"version-history":[{"count":41,"href":"https:\/\/www.dirigent.at\/index.php?rest_route=\/wp\/v2\/pages\/109\/revisions"}],"predecessor-version":[{"id":2017,"href":"https:\/\/www.dirigent.at\/index.php?rest_route=\/wp\/v2\/pages\/109\/revisions\/2017"}],"up":[{"embeddable":true,"href":"https:\/\/www.dirigent.at\/index.php?rest_route=\/wp\/v2\/pages\/5"}],"wp:attachment":[{"href":"https:\/\/www.dirigent.at\/index.php?rest_route=%2Fwp%2Fv2%2Fmedia&parent=109"}],"curies":[{"name":"wp","href":"https:\/\/api.w.org\/{rel}","templated":true}]}}