{"id":114,"date":"2013-08-25T11:32:19","date_gmt":"2013-08-25T09:32:19","guid":{"rendered":"http:\/\/www.dirigent.at\/?page_id=114"},"modified":"2023-08-01T09:34:27","modified_gmt":"2023-08-01T07:34:27","slug":"francais-cv","status":"publish","type":"page","link":"https:\/\/www.dirigent.at\/?page_id=114","title":{"rendered":"francais CV"},"content":{"rendered":"<p><strong>G\u00fcnter NEUHOLD<\/strong><\/p>\n<p>N\u00e9 \u00e0 Graz en 1947, G\u00fcnter NEUHOLD \u00e9tudie la direction d\u2019orchestre \u00e0 l\u2019Ecole Sup\u00e9rieure de Musique de Graz et se perfectionne ensuite aupr\u00e8s de Franco Ferrara au Conservatoire de la Santa Cecilia de Rome et aupr\u00e8s de Hans Swarowsky \u00e0 Vienne, avant de faire ses d\u00e9buts en Allemagne, notamment \u00e0 Hanovre et Dortmund, o\u00f9 il a occup\u00e9 les fonctions de Premier Kapellmeister. Sa carri\u00e8re internationale d\u00e9marre alors et il remporte plusieurs grands prix dont le 1er Prix du Concours de Florence en 1972, le 1er Prix du Concours Marinuzzi de San Remo en 1976, le 2\u00e8me Prix du Concours Swarowsky de Vienne en 1977, le 1er Prix du Concours B\u00f6hm de Salzbourg en 1977 ainsi que le 3\u00e8me Prix du Concours Cantelli de la Scala de Milan en 1977.<\/p>\n<p>Au cours de sa carri\u00e8re, G\u00fcnter Neuhold a d\u2019abord \u00e9t\u00e9 Directeur Musical du Teatro Regio de Parme et Chef Principal de l\u2019Orchestre Symphonique dell\u2019Emilia Romagna \u00abArturo Toscanini\u00bb avant d\u2019\u00eatre nomm\u00e9 Directeur Musical et Chef Principal de l\u2019Orchestre Royal Philharmonique des Flandres d\u2019Anvers, avec lequel il se produit en tourn\u00e9e en Allemagne, Autriche, Italie et en France. Il est ensuite Directeur Musical de l\u2019Op\u00e9ra de Karlsruhe o\u00f9 il dirige notamment un cycle Richard Strauss et la T\u00e9tralogie. Jusqu\u2019en 2002 il a \u00e9t\u00e9 Directeur Musical et Artistique de l\u2019Op\u00e9ra de Br\u00eame. Depuis 2008 \u00a0jusqu\u2019en 2014 il a \u00e9t\u00e9 Chef Principal et Directeur Artistique de l\u2019Orchestre Symphonique de Bilbao. <span style=\"line-height: 1.714285714; font-size: 1rem;\">2022-23 \u00a0Chef d&#8217;orchestre et Directeur Artistique de l&#8217;Orchestre Symphonique de Chypre.<\/span><\/p>\n<p>G\u00dcNTER NEUHOLD se produit r\u00e9guli\u00e8rement sur les plus grandes sc\u00e8nes internationales d\u2019op\u00e9ra :<br \/>\nWiener Staatsoper, Berliner Staatsoper, Deutsche Oper Berlin, Komische Oper Berlin, Staatsoper Dresden, Nationaltheater M\u00fcnchen, Oper Leipzig, Op\u00e9ra Budapest, Opernhaus Z\u00fcrich, Grand Th\u00e9\u00e2tre de Gen\u00e8ve, Scala Milano, Opera di Roma, San Carlo di Napoli, La Fenice Venezia, Massimo Palermo et Catania, Teatro Comunale Bologna, Carlo Felice Genova, Teatro Real Madrid, ABAO Bilbao, Teatro Sao Carlos Lisboa, Op\u00e9ra Monte-Carlo, Op\u00e9ra National de Paris, Ch\u00e2telet, Capitole Toulouse, Bordeaux, Marseille, Op\u00e9ra national du Rhin Strasbourg, Den Norske Opera Oslo, G\u00f6teborgs Operan, Philadelphia Opera, Orquesta Sinf\u00f3nica de C\u00f3rdoba, Orquestra Nacional Argentina, Teatro Colon et Filarmonica Buenos Aires, NNT Tokyo, et en tourn\u00e9e aux Europe, Etats-Unis, au Japon et en Russie.<\/p>\n<p>Il est \u00e9galement invit\u00e9 \u00e0 diriger les plus grands orchestres internationaux :<br \/>\nWiener Philharmoniker, Wiener Symphoniker, S\u00e4chsische Staatskapelle Dresden, les orchestres de la Radio de K\u00f6ln, Leipzig, Hamburg, Baden-Baden, Stuttgart, Berlin, G\u00fcrzenich K\u00f6ln, ORF Wien, Orchestre Philharmonique National de Hongrie, Radio-Tchaikovsky Moscou, Philharmonic Orchestra Odessa, \u00a0BBC Cardiff, Orchestre RAI Roma, Milano, Orchestra Sinfonica Nazionale della RAI Torino, Orchestra del Maggio Musicale Fiorentino, Teatro Massimo Palermo, San Carlo Napoli, Orchestra Sinfonica Siciliana, La Fenice Venezia, Orchestre National de France, Capitole de Toulouse, Montpellier, Bordeaux Aquitaine, Orchestre Philharmonic de Nice, Orchestre Philharmonique de Monte-Carlo, La Sinf\u00f2nica di Madrid, Sevilla, Valencia, Granada, Galizia, Gran Canaria, Tenerife, San Sebastian, Orquesta Liceu Barcelona, RTV Espa\u00f1a, Orquesta Sinfonica Portugesa, Gulbenkian, Orchestre National de Belgique, Arnhem, Utrecht, Malm\u00f6, Odense, Aalborg, Orquesta Nacional de Buenos Aires, Orquesta Sinf\u00f3nica de S\u00e3o Paulo et Rio de Janeiro, Orch, Sinf. Nacional-, OFUNAM Mexico, City, Guanajuato, Guadalajara, Canadian B.C. Vancouver,\u00a0 Calgary, Ontario Phil, ABC Australia Melbourne, Auckland Philharmonia, Singapore Symphony, Qatar, Malaysian, Shanghai, Tianjin,\u00a0Hangzhou, Incheon, Masan, Changwon, Busan, Tokyo Philharmonic, Metropolitan,\u00a0Tokyo Symphony et Orchestra\u00a0Yomiuri.<\/p>\n<p>Il participe aux festivals tels que :<br \/>\nLe Festival de Salzbourg, 11-1985 Vaticano- Beethoven Missa Solemnis, Festival de Radio France Montpellier, Vlaanderen Festival, Biennale Venise, Bruckner-Fest St. Florian, Enescu Festival de Bucarest, Festival International Strauss de Dresde, Colorado Music Festival, Festival de Granada et Santander, Musika-M\u00fasica Bilbao, Busan MARU<\/p>\n<p>Masterclasses, Pr\u00e9sident &#8211; Membre du jury dans de nombreux concours<\/p>\n<p>Parmi sa discographie, on remarque : le Ch\u00e2teau de Barbe-Bleue de Bartok, La damnation de Faust de Berlioz, Der Vampyr de Marschner, Madama Butterfly version 1904 de Puccini (Orph\u00e9e d\u2019or 2003) et la T\u00e9tralogie de Wagner,<br \/>\ndes oeuvres symphoniques de Mahler (Symphonies 1, 2, 3, 5), Verdi (Requiem), Bach (Passion selon saint Matthieu), Sch\u00f6nberg (Gurre-Lieder), Bart\u00f3k (Concerto pour orchestre), Stravinsky (Le sacre du printemps), Brahms (1\u00e8re Symphonie), Bruckner (4\u00e8me Symphonie), Tchaikovsky (5\u00e8me Symphonie), J. Strau\u00df, Kod\u00e1ly, Wolf-Ferrari, Schreker, Schulhoff, Schnittke, Liebermann et Rihm.<\/p>\n<p>En 1999, le Gouvernement autrichien lui d\u00e9cerne le Grand Insigne d\u2019Honneur en Argent avec Plaque pour services rendus \u00e0 la R\u00e9publique d\u2019Autriche.<\/p>\n","protected":false},"excerpt":{"rendered":"<p>G\u00fcnter NEUHOLD N\u00e9 \u00e0 Graz en 1947, G\u00fcnter NEUHOLD \u00e9tudie la direction d\u2019orchestre \u00e0 l\u2019Ecole Sup\u00e9rieure de Musique de Graz et se perfectionne ensuite aupr\u00e8s de Franco Ferrara au Conservatoire de la Santa Cecilia de Rome et aupr\u00e8s de Hans Swarowsky \u00e0 Vienne, avant de faire ses d\u00e9buts en Allemagne, notamment \u00e0 Hanovre et Dortmund, [&hellip;]<\/p>\n","protected":false},"author":1,"featured_media":0,"parent":5,"menu_order":17,"comment_status":"closed","ping_status":"closed","template":"","meta":{"footnotes":""},"class_list":["post-114","page","type-page","status-publish","hentry"],"_links":{"self":[{"href":"https:\/\/www.dirigent.at\/index.php?rest_route=\/wp\/v2\/pages\/114","targetHints":{"allow":["GET"]}}],"collection":[{"href":"https:\/\/www.dirigent.at\/index.php?rest_route=\/wp\/v2\/pages"}],"about":[{"href":"https:\/\/www.dirigent.at\/index.php?rest_route=\/wp\/v2\/types\/page"}],"author":[{"embeddable":true,"href":"https:\/\/www.dirigent.at\/index.php?rest_route=\/wp\/v2\/users\/1"}],"replies":[{"embeddable":true,"href":"https:\/\/www.dirigent.at\/index.php?rest_route=%2Fwp%2Fv2%2Fcomments&post=114"}],"version-history":[{"count":34,"href":"https:\/\/www.dirigent.at\/index.php?rest_route=\/wp\/v2\/pages\/114\/revisions"}],"predecessor-version":[{"id":2016,"href":"https:\/\/www.dirigent.at\/index.php?rest_route=\/wp\/v2\/pages\/114\/revisions\/2016"}],"up":[{"embeddable":true,"href":"https:\/\/www.dirigent.at\/index.php?rest_route=\/wp\/v2\/pages\/5"}],"wp:attachment":[{"href":"https:\/\/www.dirigent.at\/index.php?rest_route=%2Fwp%2Fv2%2Fmedia&parent=114"}],"curies":[{"name":"wp","href":"https:\/\/api.w.org\/{rel}","templated":true}]}}