{"id":116,"date":"2013-08-25T11:33:34","date_gmt":"2013-08-25T09:33:34","guid":{"rendered":"http:\/\/www.dirigent.at\/?page_id=116"},"modified":"2024-03-13T12:52:00","modified_gmt":"2024-03-13T11:52:00","slug":"spain-cv","status":"publish","type":"page","link":"https:\/\/www.dirigent.at\/?page_id=116","title":{"rendered":"espanol CV"},"content":{"rendered":"<p><strong>G\u00fcnter NEUHOLD &#8211;\u00a0Director<\/strong><\/p>\n<p>Nace en Graz en 1947, estudia direcci\u00f3n de orquesta en la Hochschule de su ciudad y cursos de perfeccionamiento con Franco Ferrara, en Roma y con Hans Swarowsky, en Viena. Entre 1972 y 1980 recibe numerosas ofertas de la Rep\u00fablica Federal Alemana, llegando a ser primer Kapellmeister en Hannover y Dortmund.<br \/>\nEs premiado en numeros concursos de direcci\u00f3n de orquesta: en Florencia (1972), San Remo (1976), Viena (1977), Salsburgo (1977) y Mil\u00e1n (1977), lo que le permite iniciar una vasta carrera y recibir la invitaci\u00f3n de orquestas como la Wiener Philharmoniker y Symphoniker, Scala de Mil\u00e1n y Orquesta de la RAI de Roma, Tur\u00edn y Mil\u00e1n.<\/p>\n<p>De 1981-1986 es director musical de la Orquesta Sinf\u00f3nica Arturo Toscanini y del Teatro Regio de Parma. Entre 1986 y 1990 es el director titular y director art\u00edstico de la Real Filarm\u00f3nica de Flandes (Amberes), orquesta con la que llega a realizar varias giras por Italia, Alemania, Gran Breta\u00f1a, Francia Concertgebouw de Amsterdam y Musikverein de Viena. De 1989-1995, es nombrado Director General de M\u00fasica en el Badisches Staatstheater de Karlsuhe y, desde 1995-2002, es Director General de M\u00fasica y Director Art\u00edstico del Teatro de Bremen, desde 2008 &#8211; 2014 es Director Titular y Artistico de la Orquesta Sinf\u00f3nica de Bilbao. 2022-23 Director Titular y Artistico de la Orquesta Sinf\u00f3nica de Chipre.<\/p>\n<p>Ha dirigido numerosas orquesta: Wiener Philharmoniker y Wiener Symphoniker, Staatskapelle de Dresde, Philarmonia Orchestra, Orchestre National de France, Orchestre Sinfoniche della Radio di Berlin, K\u00f6ln, Torino, Milano, Napoli, G\u00fcrzenich K\u00f6ln, Hamburgo, Leipzig, Baden Baden, Stuttgart, Orchestre RAI de Roma, Maggio Musicale Florentino, Capitole de Toulouse, orquestas sinf\u00f3nicas de Madrid, RTVE, Sevilla, Galicia, Gran Canaria, Tenerife, Bilbao, San Sebasti\u00e1n, Valencia, Liceu de Barcelona, Lisboa, Gulbenkian, Singapore Symphony, Qatar, Malaysian, Shanghai, Tianjin, Hangzhou, Incheon, Masan, Changwon, Busan, Tokyo Philharmonic, Metropolitan y Yomiuri, Orchestra de la Radio Caikovskij de Mosc\u00fa, \u00a0Orch.Philh. Odessa, ABC Australia Melbourne, Auckland Philharmonia, Canadian B.C. Vancouver, Calgary, Ontario Phil, \u00a0Orch. Sinf. Nacional Mexico, OFUNAM M\u00e9xico City, Guanajuato, Guadalajara y la Orquesta Sinf\u00f3nica de S\u00e2o Paulo e Rio de Janeiro, Sinf\u00f3nica Nacional y Filarmonica de Buenos Aires.<\/p>\n<p>Ha dirigido en los m\u00e1s importantes teatros de \u00f3pera; Mil\u00e1n, Roma, N\u00e1poles, Venecia, Palermo, Bolonia, G\u00e9nova, Viena, Berl\u00edn, Dresden, Munich, Leipzig, Budapest, Zurich, Ginebra, Madrid, Monte-Carlo, Par\u00eds, Toulouse, Bordeaux, Strasbourg, Marseille, Lisboa, Bilbao, Graz, Oslo, G\u00f6teborg, Philadelphia y Buenos Aires, NNT Tokyo, giras en Estados Unidos, Rusia y Jap\u00f3n.<\/p>\n<p><span style=\"font-size: revert;\">Ha tomado parte en Festivales de reconocido prestigio: Salzburger Festspiele, 11-1985 Vaticano- Beethoven Missa Solemnis &#8211; Eurovision,\u00a0Radio France Montpellier, Granada, Flanders, Bruckner-Fest St. Florian, R. Strauss Dresden, Festival Enescu Bukarest, Santander, Colorado Music-Festival, Festival Mozart La Coruna y La Biennale de Venecia, Musika-M\u00fasica Bilbao, Busan MARU.<\/span><\/p>\n<p>Masterclasses, Presidente -Miembro del jurado en numerosos concursos<\/p>\n<p>Tiene una discograf\u00eda muy amplia, incluyendo: El Castillo de Barba Azul (Bart\u00f3k), La Damnation de Faust (Berlioz), Gurre-Lieder (Sch\u00f6nberg), Der Vampyr (Marschner), Madama Butterfly (vers. 1904 de Puccini) &#8211; Orph\u00e9e d\u2019Or 2003, y La Tetralog\u00eda, (Wagner), La Pasi\u00f3n seg\u00fan San Mateo, de Bach, Verdi (Requiem), Bart\u00f3k (Concierto para orchesta), Stravinskij (La consagraci\u00f3n de la primavera), obras sinf\u00f3nicas de Mahler (Sinfonia 1, 2, 3, 5,), Brahms (Sinfonia 1), Bruckner (Sinfonia 4), J. Strauss, Kod\u00e1ly, Schreker, Wolf\u2013Ferrari, Berg, Schnittke, Schulhoff, Liebermann y Rihm.<\/p>\n<p>En 1999 es laureado con la \u201cMedalla de honor de plata al m\u00e9rito de la Rep\u00fablica Austr\u00edaca\u201d.<\/p>\n","protected":false},"excerpt":{"rendered":"<p>G\u00fcnter NEUHOLD &#8211;\u00a0Director Nace en Graz en 1947, estudia direcci\u00f3n de orquesta en la Hochschule de su ciudad y cursos de perfeccionamiento con Franco Ferrara, en Roma y con Hans Swarowsky, en Viena. Entre 1972 y 1980 recibe numerosas ofertas de la Rep\u00fablica Federal Alemana, llegando a ser primer Kapellmeister en Hannover y Dortmund. Es [&hellip;]<\/p>\n","protected":false},"author":1,"featured_media":0,"parent":5,"menu_order":19,"comment_status":"closed","ping_status":"closed","template":"","meta":{"footnotes":""},"class_list":["post-116","page","type-page","status-publish","hentry"],"_links":{"self":[{"href":"https:\/\/www.dirigent.at\/index.php?rest_route=\/wp\/v2\/pages\/116","targetHints":{"allow":["GET"]}}],"collection":[{"href":"https:\/\/www.dirigent.at\/index.php?rest_route=\/wp\/v2\/pages"}],"about":[{"href":"https:\/\/www.dirigent.at\/index.php?rest_route=\/wp\/v2\/types\/page"}],"author":[{"embeddable":true,"href":"https:\/\/www.dirigent.at\/index.php?rest_route=\/wp\/v2\/users\/1"}],"replies":[{"embeddable":true,"href":"https:\/\/www.dirigent.at\/index.php?rest_route=%2Fwp%2Fv2%2Fcomments&post=116"}],"version-history":[{"count":38,"href":"https:\/\/www.dirigent.at\/index.php?rest_route=\/wp\/v2\/pages\/116\/revisions"}],"predecessor-version":[{"id":2086,"href":"https:\/\/www.dirigent.at\/index.php?rest_route=\/wp\/v2\/pages\/116\/revisions\/2086"}],"up":[{"embeddable":true,"href":"https:\/\/www.dirigent.at\/index.php?rest_route=\/wp\/v2\/pages\/5"}],"wp:attachment":[{"href":"https:\/\/www.dirigent.at\/index.php?rest_route=%2Fwp%2Fv2%2Fmedia&parent=116"}],"curies":[{"name":"wp","href":"https:\/\/api.w.org\/{rel}","templated":true}]}}